{"id":17,"date":"2026-01-09T04:10:10","date_gmt":"2026-01-09T04:10:10","guid":{"rendered":"https:\/\/nokesci.com\/privacy\/"},"modified":"2026-01-13T01:50:40","modified_gmt":"2026-01-13T01:50:40","slug":"datenschutz","status":"publish","type":"page","link":"https:\/\/nokesci.com\/de\/datenschutz\/","title":{"rendered":"Datenschutzbestimmungen"},"content":{"rendered":"<h2>Einf\u00fchrung<\/h2>\n<p>NOKE LAB (\u201cwir\u201d, \u201cuns\u201d oder \u201cunser\u201d) verpflichtet sich, Ihre Privatsph\u00e4re zu sch\u00fctzen. In dieser Datenschutzrichtlinie wird erl\u00e4utert, wie wir Ihre Daten erfassen, verwenden, offenlegen und sch\u00fctzen, wenn Sie unsere Website besuchen, unsere Dienste nutzen oder mit uns interagieren.<\/p>\n<h2>Gesammelte Informationen<\/h2>\n<p>Wir k\u00f6nnen personenbezogene Daten erfassen, die Sie uns freiwillig zur Verf\u00fcgung stellen, wenn Sie sich f\u00fcr ein Konto registrieren, eine Bestellung aufgeben, unseren Newsletter abonnieren oder uns mit Anfragen kontaktieren.<\/p>\n<h2>Wie wir Ihre Informationen verwenden<\/h2>\n<p>Wir verwenden die von uns gesammelten Informationen, um Ihre Bestellungen zu bearbeiten und auszuf\u00fchren, mit Ihnen zu kommunizieren, unsere Website und unsere Dienstleistungen zu verbessern und unseren gesetzlichen Verpflichtungen nachzukommen.<\/p>\n<h2>Kontakt<\/h2>\n<p>Wenn Sie Fragen zu dieser Datenschutzrichtlinie haben, kontaktieren Sie uns bitte unter jane.tang@nokelab.com.<\/p>","protected":false},"excerpt":{"rendered":"<p>Einleitung NOKE LAB (\u201cwir\u201d, \u201cuns\u201d oder \u201cunser\u201d) verpflichtet sich, Ihre Privatsph\u00e4re zu sch\u00fctzen. In dieser Datenschutzrichtlinie wird erl\u00e4utert, wie wir Ihre Daten erfassen, verwenden, weitergeben und sch\u00fctzen, wenn Sie unsere Website besuchen, unsere Dienste nutzen oder mit uns interagieren. Von uns gesammelte Informationen Wir k\u00f6nnen pers\u00f6nliche Informationen sammeln, die Sie uns freiwillig zur Verf\u00fcgung stellen, wenn Sie sich registrieren [...]<\/p>","protected":false},"author":1,"featured_media":0,"parent":0,"menu_order":0,"comment_status":"closed","ping_status":"closed","template":"page-legal.php","meta":{"footnotes":""},"class_list":["post-17","page","type-page","status-publish","hentry"],"_hostinger_reach_plugin_has_subscription_block":false,"_hostinger_reach_plugin_is_elementor":false,"_links":{"self":[{"href":"https:\/\/nokesci.com\/de\/wp-json\/wp\/v2\/pages\/17","targetHints":{"allow":["GET"]}}],"collection":[{"href":"https:\/\/nokesci.com\/de\/wp-json\/wp\/v2\/pages"}],"about":[{"href":"https:\/\/nokesci.com\/de\/wp-json\/wp\/v2\/types\/page"}],"author":[{"embeddable":true,"href":"https:\/\/nokesci.com\/de\/wp-json\/wp\/v2\/users\/1"}],"replies":[{"embeddable":true,"href":"https:\/\/nokesci.com\/de\/wp-json\/wp\/v2\/comments?post=17"}],"version-history":[{"count":1,"href":"https:\/\/nokesci.com\/de\/wp-json\/wp\/v2\/pages\/17\/revisions"}],"predecessor-version":[{"id":299,"href":"https:\/\/nokesci.com\/de\/wp-json\/wp\/v2\/pages\/17\/revisions\/299"}],"wp:attachment":[{"href":"https:\/\/nokesci.com\/de\/wp-json\/wp\/v2\/media?parent=17"}],"curies":[{"name":"wp","href":"https:\/\/api.w.org\/{rel}","templated":true}]}}