{"id":18,"date":"2026-01-09T04:10:10","date_gmt":"2026-01-09T04:10:10","guid":{"rendered":"https:\/\/nokesci.com\/terms\/"},"modified":"2026-01-13T01:50:40","modified_gmt":"2026-01-13T01:50:40","slug":"bedingungen","status":"publish","type":"page","link":"https:\/\/nokesci.com\/de\/bedingungen\/","title":{"rendered":"Bedingungen der Dienstleistung"},"content":{"rendered":"<h2>Zustimmung zu den Bedingungen<\/h2>\n<p>Mit dem Zugriff auf die NOKE LAB-Website und -Dienste und deren Nutzung erkl\u00e4ren Sie sich mit diesen Nutzungsbedingungen einverstanden.<\/p>\n<h2>Nutzung von Dienstleistungen<\/h2>\n<p>Sie erkl\u00e4ren sich damit einverstanden, unsere Dienste nur f\u00fcr rechtm\u00e4\u00dfige Zwecke und in \u00dcbereinstimmung mit diesen Bedingungen zu nutzen.<\/p>\n<h2>Geistiges Eigentum<\/h2>\n<p>Der gesamte Inhalt dieser Website ist Eigentum von NOKE LAB und ist durch das Urheberrecht und andere Gesetze zum Schutz des geistigen Eigentums gesch\u00fctzt.<\/p>\n<h2>Kontakt<\/h2>\n<p>Wenn Sie Fragen zu diesen Bedingungen haben, kontaktieren Sie uns bitte unter jane.tang@nokelab.com.<\/p>","protected":false},"excerpt":{"rendered":"<p>Zustimmung zu den Bedingungen Mit dem Zugriff auf die NOKE LAB-Website und -Dienste und deren Nutzung erkl\u00e4ren Sie sich mit diesen Nutzungsbedingungen einverstanden. Nutzung der Dienste Sie erkl\u00e4ren sich damit einverstanden, unsere Dienste nur f\u00fcr rechtm\u00e4\u00dfige Zwecke und in \u00dcbereinstimmung mit diesen Bedingungen zu nutzen. Geistiges Eigentum Alle Inhalte auf dieser Website sind Eigentum von NOKE LAB [...]<\/p>","protected":false},"author":1,"featured_media":0,"parent":0,"menu_order":0,"comment_status":"closed","ping_status":"closed","template":"page-legal.php","meta":{"footnotes":""},"class_list":["post-18","page","type-page","status-publish","hentry"],"_hostinger_reach_plugin_has_subscription_block":false,"_hostinger_reach_plugin_is_elementor":false,"_links":{"self":[{"href":"https:\/\/nokesci.com\/de\/wp-json\/wp\/v2\/pages\/18","targetHints":{"allow":["GET"]}}],"collection":[{"href":"https:\/\/nokesci.com\/de\/wp-json\/wp\/v2\/pages"}],"about":[{"href":"https:\/\/nokesci.com\/de\/wp-json\/wp\/v2\/types\/page"}],"author":[{"embeddable":true,"href":"https:\/\/nokesci.com\/de\/wp-json\/wp\/v2\/users\/1"}],"replies":[{"embeddable":true,"href":"https:\/\/nokesci.com\/de\/wp-json\/wp\/v2\/comments?post=18"}],"version-history":[{"count":1,"href":"https:\/\/nokesci.com\/de\/wp-json\/wp\/v2\/pages\/18\/revisions"}],"predecessor-version":[{"id":300,"href":"https:\/\/nokesci.com\/de\/wp-json\/wp\/v2\/pages\/18\/revisions\/300"}],"wp:attachment":[{"href":"https:\/\/nokesci.com\/de\/wp-json\/wp\/v2\/media?parent=18"}],"curies":[{"name":"wp","href":"https:\/\/api.w.org\/{rel}","templated":true}]}}