{"id":19,"date":"2026-01-09T04:10:10","date_gmt":"2026-01-09T04:10:10","guid":{"rendered":"https:\/\/nokesci.com\/cookies\/"},"modified":"2026-01-13T01:50:40","modified_gmt":"2026-01-13T01:50:40","slug":"cookies","status":"publish","type":"page","link":"https:\/\/nokesci.com\/de\/cookies\/","title":{"rendered":"Cookie-Richtlinie"},"content":{"rendered":"<h2>Was sind Cookies?<\/h2>\n<p>Cookies sind kleine Textdateien, die auf Ihrem Ger\u00e4t gespeichert werden, wenn Sie unsere Website besuchen. Sie helfen uns, Ihnen ein besseres Erlebnis zu bieten.<\/p>\n<h2>Wie wir Cookies verwenden<\/h2>\n<p>Wir verwenden Cookies, um Ihre Pr\u00e4ferenzen zu speichern, den Website-Verkehr zu analysieren und Inhalte zu personalisieren.<\/p>\n<h2>Verwaltung von Cookies<\/h2>\n<p>Sie k\u00f6nnen Cookies \u00fcber Ihre Browsereinstellungen steuern. Die Deaktivierung von Cookies kann die Funktionalit\u00e4t der Website beeintr\u00e4chtigen.<\/p>\n<h2>Kontakt<\/h2>\n<p>Wenn Sie Fragen zu unserer Cookie-Richtlinie haben, kontaktieren Sie uns bitte unter jane.tang@nokelab.com.<\/p>","protected":false},"excerpt":{"rendered":"<p>Was sind Cookies Cookies sind kleine Textdateien, die auf Ihrem Ger\u00e4t gespeichert werden, wenn Sie unsere Website besuchen. Sie helfen uns, Ihnen ein besseres Erlebnis zu bieten. Wie wir Cookies verwenden Wir verwenden Cookies, um Ihre Pr\u00e4ferenzen zu speichern, den Website-Verkehr zu analysieren und Inhalte zu personalisieren. Verwaltung von Cookies Sie k\u00f6nnen Cookies \u00fcber Ihre Browsereinstellungen steuern. [...]<\/p>","protected":false},"author":1,"featured_media":0,"parent":0,"menu_order":0,"comment_status":"closed","ping_status":"closed","template":"page-legal.php","meta":{"footnotes":""},"class_list":["post-19","page","type-page","status-publish","hentry"],"_hostinger_reach_plugin_has_subscription_block":false,"_hostinger_reach_plugin_is_elementor":false,"_links":{"self":[{"href":"https:\/\/nokesci.com\/de\/wp-json\/wp\/v2\/pages\/19","targetHints":{"allow":["GET"]}}],"collection":[{"href":"https:\/\/nokesci.com\/de\/wp-json\/wp\/v2\/pages"}],"about":[{"href":"https:\/\/nokesci.com\/de\/wp-json\/wp\/v2\/types\/page"}],"author":[{"embeddable":true,"href":"https:\/\/nokesci.com\/de\/wp-json\/wp\/v2\/users\/1"}],"replies":[{"embeddable":true,"href":"https:\/\/nokesci.com\/de\/wp-json\/wp\/v2\/comments?post=19"}],"version-history":[{"count":1,"href":"https:\/\/nokesci.com\/de\/wp-json\/wp\/v2\/pages\/19\/revisions"}],"predecessor-version":[{"id":301,"href":"https:\/\/nokesci.com\/de\/wp-json\/wp\/v2\/pages\/19\/revisions\/301"}],"wp:attachment":[{"href":"https:\/\/nokesci.com\/de\/wp-json\/wp\/v2\/media?parent=19"}],"curies":[{"name":"wp","href":"https:\/\/api.w.org\/{rel}","templated":true}]}}