{"id":17,"date":"2026-01-09T04:10:10","date_gmt":"2026-01-09T04:10:10","guid":{"rendered":"https:\/\/nokesci.com\/privacy\/"},"modified":"2026-01-13T01:50:40","modified_gmt":"2026-01-13T01:50:40","slug":"privacidad","status":"publish","type":"page","link":"https:\/\/nokesci.com\/es\/privacidad\/","title":{"rendered":"Pol\u00edtica de privacidad"},"content":{"rendered":"<h2>Introducci\u00f3n<\/h2>\n<p>NOKE LAB (\u201cnosotros\u201d, \u201cnos\u201d o \u201cnuestro\u201d) se compromete a proteger su privacidad. Esta Pol\u00edtica de Privacidad explica c\u00f3mo recopilamos, utilizamos, divulgamos y protegemos su informaci\u00f3n cuando visita nuestro sitio web, utiliza nuestros servicios o interact\u00faa con nosotros.<\/p>\n<h2>Informaci\u00f3n que recopilamos<\/h2>\n<p>Podemos recopilar informaci\u00f3n personal que usted nos proporcione voluntariamente cuando se registre en una cuenta, realice un pedido, se suscriba a nuestro bolet\u00edn de noticias o se ponga en contacto con nosotros para realizar consultas.<\/p>\n<h2>C\u00f3mo utilizamos su informaci\u00f3n<\/h2>\n<p>Utilizamos la informaci\u00f3n que recopilamos para procesar y satisfacer sus pedidos, comunicarnos con usted, mejorar nuestro sitio web y nuestros servicios, y cumplir con las obligaciones legales.<\/p>\n<h2>P\u00f3ngase en contacto con nosotros<\/h2>\n<p>Si tiene alguna pregunta sobre esta Pol\u00edtica de privacidad, p\u00f3ngase en contacto con nosotros en jane.tang@nokelab.com.<\/p>","protected":false},"excerpt":{"rendered":"<p>Introducci\u00f3n NOKE LAB (\u201cnosotros\u201d, \u201cnos\u201d o \u201cnuestro\u201d) se compromete a proteger su privacidad. Esta Pol\u00edtica de Privacidad explica c\u00f3mo recopilamos, utilizamos, revelamos y protegemos su informaci\u00f3n cuando visita nuestro sitio web, utiliza nuestros servicios o interact\u00faa con nosotros. Informaci\u00f3n que recopilamos Podemos recopilar informaci\u00f3n personal que usted nos proporciona voluntariamente cuando se registra [...]<\/p>","protected":false},"author":1,"featured_media":0,"parent":0,"menu_order":0,"comment_status":"closed","ping_status":"closed","template":"page-legal.php","meta":{"footnotes":""},"class_list":["post-17","page","type-page","status-publish","hentry"],"_hostinger_reach_plugin_has_subscription_block":false,"_hostinger_reach_plugin_is_elementor":false,"_links":{"self":[{"href":"https:\/\/nokesci.com\/es\/wp-json\/wp\/v2\/pages\/17","targetHints":{"allow":["GET"]}}],"collection":[{"href":"https:\/\/nokesci.com\/es\/wp-json\/wp\/v2\/pages"}],"about":[{"href":"https:\/\/nokesci.com\/es\/wp-json\/wp\/v2\/types\/page"}],"author":[{"embeddable":true,"href":"https:\/\/nokesci.com\/es\/wp-json\/wp\/v2\/users\/1"}],"replies":[{"embeddable":true,"href":"https:\/\/nokesci.com\/es\/wp-json\/wp\/v2\/comments?post=17"}],"version-history":[{"count":1,"href":"https:\/\/nokesci.com\/es\/wp-json\/wp\/v2\/pages\/17\/revisions"}],"predecessor-version":[{"id":299,"href":"https:\/\/nokesci.com\/es\/wp-json\/wp\/v2\/pages\/17\/revisions\/299"}],"wp:attachment":[{"href":"https:\/\/nokesci.com\/es\/wp-json\/wp\/v2\/media?parent=17"}],"curies":[{"name":"wp","href":"https:\/\/api.w.org\/{rel}","templated":true}]}}