{"id":19,"date":"2026-01-09T04:10:10","date_gmt":"2026-01-09T04:10:10","guid":{"rendered":"https:\/\/nokesci.com\/cookies\/"},"modified":"2026-01-13T01:50:40","modified_gmt":"2026-01-13T01:50:40","slug":"galletas","status":"publish","type":"page","link":"https:\/\/nokesci.com\/es\/galletas\/","title":{"rendered":"Pol\u00edtica de cookies"},"content":{"rendered":"<h2>Qu\u00e9 son las cookies<\/h2>\n<p>Las cookies son peque\u00f1os archivos de texto que se almacenan en su dispositivo cuando visita nuestro sitio web. Nos ayudan a ofrecerle una mejor experiencia.<\/p>\n<h2>C\u00f3mo utilizamos las cookies<\/h2>\n<p>Utilizamos cookies para recordar sus preferencias, analizar el tr\u00e1fico del sitio web y personalizar el contenido.<\/p>\n<h2>Gesti\u00f3n de cookies<\/h2>\n<p>Puede controlar las cookies a trav\u00e9s de la configuraci\u00f3n de su navegador. Deshabilitar las cookies puede afectar a la funcionalidad del sitio web.<\/p>\n<h2>P\u00f3ngase en contacto con nosotros<\/h2>\n<p>Si tiene alguna pregunta sobre nuestra Pol\u00edtica de Cookies, p\u00f3ngase en contacto con nosotros en jane.tang@nokelab.com<\/p>","protected":false},"excerpt":{"rendered":"<p>Qu\u00e9 son las cookies Las cookies son peque\u00f1os archivos de texto que se almacenan en su dispositivo cuando visita nuestro sitio web. Nos ayudan a ofrecerle una mejor experiencia. C\u00f3mo utilizamos las cookies Utilizamos cookies para recordar sus preferencias, analizar el tr\u00e1fico del sitio web y personalizar el contenido. Gesti\u00f3n de las cookies Puede controlar las cookies a trav\u00e9s de la configuraci\u00f3n de su navegador. [...]<\/p>","protected":false},"author":1,"featured_media":0,"parent":0,"menu_order":0,"comment_status":"closed","ping_status":"closed","template":"page-legal.php","meta":{"footnotes":""},"class_list":["post-19","page","type-page","status-publish","hentry"],"_hostinger_reach_plugin_has_subscription_block":false,"_hostinger_reach_plugin_is_elementor":false,"_links":{"self":[{"href":"https:\/\/nokesci.com\/es\/wp-json\/wp\/v2\/pages\/19","targetHints":{"allow":["GET"]}}],"collection":[{"href":"https:\/\/nokesci.com\/es\/wp-json\/wp\/v2\/pages"}],"about":[{"href":"https:\/\/nokesci.com\/es\/wp-json\/wp\/v2\/types\/page"}],"author":[{"embeddable":true,"href":"https:\/\/nokesci.com\/es\/wp-json\/wp\/v2\/users\/1"}],"replies":[{"embeddable":true,"href":"https:\/\/nokesci.com\/es\/wp-json\/wp\/v2\/comments?post=19"}],"version-history":[{"count":1,"href":"https:\/\/nokesci.com\/es\/wp-json\/wp\/v2\/pages\/19\/revisions"}],"predecessor-version":[{"id":301,"href":"https:\/\/nokesci.com\/es\/wp-json\/wp\/v2\/pages\/19\/revisions\/301"}],"wp:attachment":[{"href":"https:\/\/nokesci.com\/es\/wp-json\/wp\/v2\/media?parent=19"}],"curies":[{"name":"wp","href":"https:\/\/api.w.org\/{rel}","templated":true}]}}