{"id":385,"date":"2026-02-28T03:04:06","date_gmt":"2026-02-28T03:04:06","guid":{"rendered":"https:\/\/nokesci.com\/product\/9mm-1-5ml-champange-shape-base-amber-glass-high-recovery-screw-top-vial-with-15%c2%b5l-reservoir-copy\/"},"modified":"2026-02-28T03:41:06","modified_gmt":"2026-02-28T03:41:06","slug":"vial-de-vidrio-de-vino-transparente-de-9-mm-15ul","status":"publish","type":"product","link":"https:\/\/nokesci.com\/es\/producto\/vial-de-vidrio-de-vino-transparente-de-9-mm-15ul\/","title":{"rendered":"Vial de vidrio transparente de 9 mm (forma de copa de vino de 1,5 ml), alta recuperaci\u00f3n, tap\u00f3n de rosca, dep\u00f3sito de 15 \u00b5l"},"excerpt":{"rendered":"","protected":false},"featured_media":386,"template":"","product_type":[5,6,180],"class_list":["post-385","product","type-product","status-publish","has-post-thumbnail","hentry","product_type-screw-nd9","product_type-autosampler-vial","product_type-high-recovery"],"_links":{"self":[{"href":"https:\/\/nokesci.com\/es\/wp-json\/wp\/v2\/product\/385","targetHints":{"allow":["GET"]}}],"collection":[{"href":"https:\/\/nokesci.com\/es\/wp-json\/wp\/v2\/product"}],"about":[{"href":"https:\/\/nokesci.com\/es\/wp-json\/wp\/v2\/types\/product"}],"wp:featuredmedia":[{"embeddable":true,"href":"https:\/\/nokesci.com\/es\/wp-json\/wp\/v2\/media\/386"}],"wp:attachment":[{"href":"https:\/\/nokesci.com\/es\/wp-json\/wp\/v2\/media?parent=385"}],"wp:term":[{"taxonomy":"product_type","embeddable":true,"href":"https:\/\/nokesci.com\/es\/wp-json\/wp\/v2\/product_type?post=385"}],"curies":[{"name":"wp","href":"https:\/\/api.w.org\/{rel}","templated":true}]}}