{"id":387,"date":"2026-02-28T03:12:18","date_gmt":"2026-02-28T03:12:18","guid":{"rendered":"https:\/\/nokesci.com\/product\/9mm-1-5ml-wine-glass-shape-clear-glass-vial-high-recovery-screw-top-15%c2%b5l-reservoir-copy\/"},"modified":"2026-02-28T03:40:46","modified_gmt":"2026-02-28T03:40:46","slug":"9mm-vial-de-vidrio-transparente-30ul","status":"publish","type":"product","link":"https:\/\/nokesci.com\/es\/producto\/9mm-vial-de-vidrio-transparente-30ul\/","title":{"rendered":"Frasco de vidrio transparente de 9 mm (1,3 ml), alta recuperaci\u00f3n, tap\u00f3n de rosca, dep\u00f3sito de 30 \u00b5l"},"excerpt":{"rendered":"","protected":false},"featured_media":388,"template":"","product_type":[5,6,180],"class_list":["post-387","product","type-product","status-publish","has-post-thumbnail","hentry","product_type-screw-nd9","product_type-autosampler-vial","product_type-high-recovery"],"_links":{"self":[{"href":"https:\/\/nokesci.com\/es\/wp-json\/wp\/v2\/product\/387","targetHints":{"allow":["GET"]}}],"collection":[{"href":"https:\/\/nokesci.com\/es\/wp-json\/wp\/v2\/product"}],"about":[{"href":"https:\/\/nokesci.com\/es\/wp-json\/wp\/v2\/types\/product"}],"wp:featuredmedia":[{"embeddable":true,"href":"https:\/\/nokesci.com\/es\/wp-json\/wp\/v2\/media\/388"}],"wp:attachment":[{"href":"https:\/\/nokesci.com\/es\/wp-json\/wp\/v2\/media?parent=387"}],"wp:term":[{"taxonomy":"product_type","embeddable":true,"href":"https:\/\/nokesci.com\/es\/wp-json\/wp\/v2\/product_type?post=387"}],"curies":[{"name":"wp","href":"https:\/\/api.w.org\/{rel}","templated":true}]}}