{"id":393,"date":"2026-02-28T03:21:23","date_gmt":"2026-02-28T03:21:23","guid":{"rendered":"https:\/\/nokesci.com\/product\/9mm-1-3ml-clear-glass-vial-high-recovery-screw-top-30%c2%b5l-reservoir-copy\/"},"modified":"2026-02-28T03:52:33","modified_gmt":"2026-02-28T03:52:33","slug":"9mm-vial-de-vidrio-transparente-25ul","status":"publish","type":"product","link":"https:\/\/nokesci.com\/es\/producto\/9mm-vial-de-vidrio-transparente-25ul\/","title":{"rendered":"Frasco de vidrio transparente de 9 mm (1,1 ml), alta recuperaci\u00f3n, tap\u00f3n de rosca, dep\u00f3sito de 25 \u00b5l"},"excerpt":{"rendered":"","protected":false},"featured_media":395,"template":"","product_type":[5,6,180],"class_list":["post-393","product","type-product","status-publish","has-post-thumbnail","hentry","product_type-screw-nd9","product_type-autosampler-vial","product_type-high-recovery"],"_links":{"self":[{"href":"https:\/\/nokesci.com\/es\/wp-json\/wp\/v2\/product\/393","targetHints":{"allow":["GET"]}}],"collection":[{"href":"https:\/\/nokesci.com\/es\/wp-json\/wp\/v2\/product"}],"about":[{"href":"https:\/\/nokesci.com\/es\/wp-json\/wp\/v2\/types\/product"}],"wp:featuredmedia":[{"embeddable":true,"href":"https:\/\/nokesci.com\/es\/wp-json\/wp\/v2\/media\/395"}],"wp:attachment":[{"href":"https:\/\/nokesci.com\/es\/wp-json\/wp\/v2\/media?parent=393"}],"wp:term":[{"taxonomy":"product_type","embeddable":true,"href":"https:\/\/nokesci.com\/es\/wp-json\/wp\/v2\/product_type?post=393"}],"curies":[{"name":"wp","href":"https:\/\/api.w.org\/{rel}","templated":true}]}}