{"id":396,"date":"2026-02-28T03:25:28","date_gmt":"2026-02-28T03:25:28","guid":{"rendered":"https:\/\/nokesci.com\/product\/9mm-1-1ml-clear-glass-vial-high-recovery-screw-top-25%c2%b5l-reservoir-copy\/"},"modified":"2026-02-28T03:41:52","modified_gmt":"2026-02-28T03:41:52","slug":"vial-de-vidrio-ambar-de-9-mm-25ul","status":"publish","type":"product","link":"https:\/\/nokesci.com\/es\/producto\/vial-de-vidrio-ambar-de-9-mm-25ul\/","title":{"rendered":"Vial de vidrio \u00e1mbar de 9 mm (1,1 ml), alta recuperaci\u00f3n, tap\u00f3n de rosca, dep\u00f3sito de 25 \u00b5l"},"excerpt":{"rendered":"","protected":false},"featured_media":394,"template":"","product_type":[5,6,180],"class_list":["post-396","product","type-product","status-publish","has-post-thumbnail","hentry","product_type-screw-nd9","product_type-autosampler-vial","product_type-high-recovery"],"_links":{"self":[{"href":"https:\/\/nokesci.com\/es\/wp-json\/wp\/v2\/product\/396","targetHints":{"allow":["GET"]}}],"collection":[{"href":"https:\/\/nokesci.com\/es\/wp-json\/wp\/v2\/product"}],"about":[{"href":"https:\/\/nokesci.com\/es\/wp-json\/wp\/v2\/types\/product"}],"wp:featuredmedia":[{"embeddable":true,"href":"https:\/\/nokesci.com\/es\/wp-json\/wp\/v2\/media\/394"}],"wp:attachment":[{"href":"https:\/\/nokesci.com\/es\/wp-json\/wp\/v2\/media?parent=396"}],"wp:term":[{"taxonomy":"product_type","embeddable":true,"href":"https:\/\/nokesci.com\/es\/wp-json\/wp\/v2\/product_type?post=396"}],"curies":[{"name":"wp","href":"https:\/\/api.w.org\/{rel}","templated":true}]}}