{"id":456,"date":"2026-03-02T05:43:58","date_gmt":"2026-03-02T05:43:58","guid":{"rendered":"https:\/\/nokesci.com\/product\/2-ml-clear-glass-11-mm-snap-top-vial-copy\/"},"modified":"2026-03-02T05:46:55","modified_gmt":"2026-03-02T05:46:55","slug":"vial-ambar-con-tapon-a-presion-de-2-ml-y-11-mm","status":"publish","type":"product","link":"https:\/\/nokesci.com\/es\/producto\/vial-ambar-con-tapon-a-presion-de-2-ml-y-11-mm\/","title":{"rendered":"Frasco de vidrio \u00e1mbar de 11 mm con tap\u00f3n a presi\u00f3n de 2 ml"},"excerpt":{"rendered":"","protected":false},"featured_media":457,"template":"","product_type":[34,6],"class_list":["post-456","product","type-product","status-publish","has-post-thumbnail","hentry","product_type-snap-nd11","product_type-autosampler-vial"],"_links":{"self":[{"href":"https:\/\/nokesci.com\/es\/wp-json\/wp\/v2\/product\/456","targetHints":{"allow":["GET"]}}],"collection":[{"href":"https:\/\/nokesci.com\/es\/wp-json\/wp\/v2\/product"}],"about":[{"href":"https:\/\/nokesci.com\/es\/wp-json\/wp\/v2\/types\/product"}],"wp:featuredmedia":[{"embeddable":true,"href":"https:\/\/nokesci.com\/es\/wp-json\/wp\/v2\/media\/457"}],"wp:attachment":[{"href":"https:\/\/nokesci.com\/es\/wp-json\/wp\/v2\/media?parent=456"}],"wp:term":[{"taxonomy":"product_type","embeddable":true,"href":"https:\/\/nokesci.com\/es\/wp-json\/wp\/v2\/product_type?post=456"}],"curies":[{"name":"wp","href":"https:\/\/api.w.org\/{rel}","templated":true}]}}