{"id":17,"date":"2026-01-09T04:10:10","date_gmt":"2026-01-09T04:10:10","guid":{"rendered":"https:\/\/nokesci.com\/privacy\/"},"modified":"2026-01-13T01:50:40","modified_gmt":"2026-01-13T01:50:40","slug":"vie-privee","status":"publish","type":"page","link":"https:\/\/nokesci.com\/fr\/vie-privee\/","title":{"rendered":"Politique de confidentialit\u00e9"},"content":{"rendered":"<h2>Introduction<\/h2>\n<p>NOKE LAB (\u201cnous\u201d, \u201cnotre\u201d ou \u201cnos\u201d) s'engage \u00e0 prot\u00e9ger votre vie priv\u00e9e. La pr\u00e9sente politique de confidentialit\u00e9 explique comment nous recueillons, utilisons, divulguons et prot\u00e9geons les informations vous concernant lorsque vous visitez notre site web, utilisez nos services ou interagissez avec nous.<\/p>\n<h2>Informations collect\u00e9es<\/h2>\n<p>Nous pouvons recueillir des informations personnelles que vous nous fournissez volontairement lorsque vous cr\u00e9ez un compte, passez une commande, vous abonnez \u00e0 notre bulletin d'information ou nous contactez pour des questions.<\/p>\n<h2>Comment nous utilisons vos informations<\/h2>\n<p>Nous utilisons les informations que nous recueillons pour traiter et ex\u00e9cuter vos commandes, communiquer avec vous, am\u00e9liorer notre site web et nos services, et nous conformer \u00e0 nos obligations l\u00e9gales.<\/p>\n<h2>Nous contacter<\/h2>\n<p>Si vous avez des questions concernant la pr\u00e9sente politique de confidentialit\u00e9, veuillez nous contacter \u00e0 l'adresse suivante : jane.tang@nokelab.com<\/p>","protected":false},"excerpt":{"rendered":"<p>Introduction NOKE LAB (\u201cnous\u201d, \u201cnotre\u201d ou \u201cnos\u201d) s'engage \u00e0 prot\u00e9ger votre vie priv\u00e9e. La pr\u00e9sente politique de confidentialit\u00e9 explique comment nous recueillons, utilisons, divulguons et prot\u00e9geons les informations vous concernant lorsque vous visitez notre site web, utilisez nos services ou interagissez avec nous. Informations que nous recueillons Nous pouvons recueillir des informations personnelles que vous nous fournissez volontairement lorsque vous vous inscrivez [...]<\/p>","protected":false},"author":1,"featured_media":0,"parent":0,"menu_order":0,"comment_status":"closed","ping_status":"closed","template":"page-legal.php","meta":{"footnotes":""},"class_list":["post-17","page","type-page","status-publish","hentry"],"_hostinger_reach_plugin_has_subscription_block":false,"_hostinger_reach_plugin_is_elementor":false,"_links":{"self":[{"href":"https:\/\/nokesci.com\/fr\/wp-json\/wp\/v2\/pages\/17","targetHints":{"allow":["GET"]}}],"collection":[{"href":"https:\/\/nokesci.com\/fr\/wp-json\/wp\/v2\/pages"}],"about":[{"href":"https:\/\/nokesci.com\/fr\/wp-json\/wp\/v2\/types\/page"}],"author":[{"embeddable":true,"href":"https:\/\/nokesci.com\/fr\/wp-json\/wp\/v2\/users\/1"}],"replies":[{"embeddable":true,"href":"https:\/\/nokesci.com\/fr\/wp-json\/wp\/v2\/comments?post=17"}],"version-history":[{"count":1,"href":"https:\/\/nokesci.com\/fr\/wp-json\/wp\/v2\/pages\/17\/revisions"}],"predecessor-version":[{"id":299,"href":"https:\/\/nokesci.com\/fr\/wp-json\/wp\/v2\/pages\/17\/revisions\/299"}],"wp:attachment":[{"href":"https:\/\/nokesci.com\/fr\/wp-json\/wp\/v2\/media?parent=17"}],"curies":[{"name":"wp","href":"https:\/\/api.w.org\/{rel}","templated":true}]}}