{"id":18,"date":"2026-01-09T04:10:10","date_gmt":"2026-01-09T04:10:10","guid":{"rendered":"https:\/\/nokesci.com\/terms\/"},"modified":"2026-01-13T01:50:40","modified_gmt":"2026-01-13T01:50:40","slug":"termes","status":"publish","type":"page","link":"https:\/\/nokesci.com\/fr\/termes\/","title":{"rendered":"Conditions d'utilisation"},"content":{"rendered":"<h2>Acceptation des conditions<\/h2>\n<p>En acc\u00e9dant au site web et aux services de NOKE LAB et en les utilisant, vous acceptez d'\u00eatre li\u00e9 par les pr\u00e9sentes conditions d'utilisation.<\/p>\n<h2>Utilisation des services<\/h2>\n<p>Vous acceptez de n'utiliser nos services qu'\u00e0 des fins l\u00e9gales et conform\u00e9ment aux pr\u00e9sentes conditions.<\/p>\n<h2>Propri\u00e9t\u00e9 intellectuelle<\/h2>\n<p>Tout le contenu de ce site est la propri\u00e9t\u00e9 de NOKE LAB et est prot\u00e9g\u00e9 par des droits d'auteur et d'autres lois sur la propri\u00e9t\u00e9 intellectuelle.<\/p>\n<h2>Nous contacter<\/h2>\n<p>Si vous avez des questions concernant ces conditions, veuillez nous contacter \u00e0 l'adresse suivante : jane.tang@nokelab.com<\/p>","protected":false},"excerpt":{"rendered":"<p>Acceptation des conditions En acc\u00e9dant au site web et aux services de NOKE LAB et en les utilisant, vous acceptez d'\u00eatre li\u00e9 par les pr\u00e9sentes conditions d'utilisation. Utilisation des services Vous vous engagez \u00e0 n'utiliser nos services qu'\u00e0 des fins l\u00e9gales et conform\u00e9ment aux pr\u00e9sentes conditions. Propri\u00e9t\u00e9 intellectuelle Tout le contenu de ce site web est la propri\u00e9t\u00e9 de NOKE LAB [...]<\/p>","protected":false},"author":1,"featured_media":0,"parent":0,"menu_order":0,"comment_status":"closed","ping_status":"closed","template":"page-legal.php","meta":{"footnotes":""},"class_list":["post-18","page","type-page","status-publish","hentry"],"_hostinger_reach_plugin_has_subscription_block":false,"_hostinger_reach_plugin_is_elementor":false,"_links":{"self":[{"href":"https:\/\/nokesci.com\/fr\/wp-json\/wp\/v2\/pages\/18","targetHints":{"allow":["GET"]}}],"collection":[{"href":"https:\/\/nokesci.com\/fr\/wp-json\/wp\/v2\/pages"}],"about":[{"href":"https:\/\/nokesci.com\/fr\/wp-json\/wp\/v2\/types\/page"}],"author":[{"embeddable":true,"href":"https:\/\/nokesci.com\/fr\/wp-json\/wp\/v2\/users\/1"}],"replies":[{"embeddable":true,"href":"https:\/\/nokesci.com\/fr\/wp-json\/wp\/v2\/comments?post=18"}],"version-history":[{"count":1,"href":"https:\/\/nokesci.com\/fr\/wp-json\/wp\/v2\/pages\/18\/revisions"}],"predecessor-version":[{"id":300,"href":"https:\/\/nokesci.com\/fr\/wp-json\/wp\/v2\/pages\/18\/revisions\/300"}],"wp:attachment":[{"href":"https:\/\/nokesci.com\/fr\/wp-json\/wp\/v2\/media?parent=18"}],"curies":[{"name":"wp","href":"https:\/\/api.w.org\/{rel}","templated":true}]}}