{"id":19,"date":"2026-01-09T04:10:10","date_gmt":"2026-01-09T04:10:10","guid":{"rendered":"https:\/\/nokesci.com\/cookies\/"},"modified":"2026-01-13T01:50:40","modified_gmt":"2026-01-13T01:50:40","slug":"biscuits","status":"publish","type":"page","link":"https:\/\/nokesci.com\/fr\/biscuits\/","title":{"rendered":"Politique en mati\u00e8re de cookies"},"content":{"rendered":"<h2>Qu'est-ce qu'un cookie ?<\/h2>\n<p>Les cookies sont de petits fichiers texte qui sont stock\u00e9s sur votre appareil lorsque vous visitez notre site web. Ils nous aident \u00e0 vous offrir une meilleure exp\u00e9rience.<\/p>\n<h2>Comment nous utilisons les cookies<\/h2>\n<p>Nous utilisons des cookies pour m\u00e9moriser vos pr\u00e9f\u00e9rences, analyser le trafic sur le site web et personnaliser le contenu.<\/p>\n<h2>Gestion des cookies<\/h2>\n<p>Vous pouvez contr\u00f4ler les cookies par le biais des param\u00e8tres de votre navigateur. La d\u00e9sactivation des cookies peut affecter la fonctionnalit\u00e9 du site web.<\/p>\n<h2>Nous contacter<\/h2>\n<p>Si vous avez des questions concernant notre politique en mati\u00e8re de cookies, veuillez nous contacter \u00e0 l'adresse suivante : jane.tang@nokelab.com<\/p>","protected":false},"excerpt":{"rendered":"<p>Que sont les cookies Les cookies sont de petits fichiers texte qui sont stock\u00e9s sur votre appareil lorsque vous visitez notre site web. Ils nous aident \u00e0 vous offrir une meilleure exp\u00e9rience. Comment nous utilisons les cookies Nous utilisons les cookies pour m\u00e9moriser vos pr\u00e9f\u00e9rences, analyser le trafic du site web et personnaliser le contenu. Gestion des cookies Vous pouvez contr\u00f4ler les cookies par le biais des param\u00e8tres de votre navigateur. [...]<\/p>","protected":false},"author":1,"featured_media":0,"parent":0,"menu_order":0,"comment_status":"closed","ping_status":"closed","template":"page-legal.php","meta":{"footnotes":""},"class_list":["post-19","page","type-page","status-publish","hentry"],"_hostinger_reach_plugin_has_subscription_block":false,"_hostinger_reach_plugin_is_elementor":false,"_links":{"self":[{"href":"https:\/\/nokesci.com\/fr\/wp-json\/wp\/v2\/pages\/19","targetHints":{"allow":["GET"]}}],"collection":[{"href":"https:\/\/nokesci.com\/fr\/wp-json\/wp\/v2\/pages"}],"about":[{"href":"https:\/\/nokesci.com\/fr\/wp-json\/wp\/v2\/types\/page"}],"author":[{"embeddable":true,"href":"https:\/\/nokesci.com\/fr\/wp-json\/wp\/v2\/users\/1"}],"replies":[{"embeddable":true,"href":"https:\/\/nokesci.com\/fr\/wp-json\/wp\/v2\/comments?post=19"}],"version-history":[{"count":1,"href":"https:\/\/nokesci.com\/fr\/wp-json\/wp\/v2\/pages\/19\/revisions"}],"predecessor-version":[{"id":301,"href":"https:\/\/nokesci.com\/fr\/wp-json\/wp\/v2\/pages\/19\/revisions\/301"}],"wp:attachment":[{"href":"https:\/\/nokesci.com\/fr\/wp-json\/wp\/v2\/media?parent=19"}],"curies":[{"name":"wp","href":"https:\/\/api.w.org\/{rel}","templated":true}]}}