{"id":381,"date":"2026-02-26T11:04:26","date_gmt":"2026-02-26T11:04:26","guid":{"rendered":"https:\/\/nokesci.com\/product\/9mm-300%c2%b5l-clear-screw-top-fused-insert-vial-copy\/"},"modified":"2026-02-28T03:53:19","modified_gmt":"2026-02-28T03:53:19","slug":"9mm-300-ambre-flacon-a-visser-avec-insert-fondu","status":"publish","type":"product","link":"https:\/\/nokesci.com\/fr\/produit\/9mm-300-ambre-flacon-a-visser-avec-insert-fondu\/","title":{"rendered":"9mm (300\u00b5L) Flacon ambr\u00e9 \u00e0 bouchon viss\u00e9 avec insertion de fusible"},"excerpt":{"rendered":"","protected":false},"featured_media":382,"template":"","product_type":[5,6,180],"class_list":["post-381","product","type-product","status-publish","has-post-thumbnail","hentry","product_type-screw-nd9","product_type-autosampler-vial","product_type-high-recovery"],"_links":{"self":[{"href":"https:\/\/nokesci.com\/fr\/wp-json\/wp\/v2\/product\/381","targetHints":{"allow":["GET"]}}],"collection":[{"href":"https:\/\/nokesci.com\/fr\/wp-json\/wp\/v2\/product"}],"about":[{"href":"https:\/\/nokesci.com\/fr\/wp-json\/wp\/v2\/types\/product"}],"wp:featuredmedia":[{"embeddable":true,"href":"https:\/\/nokesci.com\/fr\/wp-json\/wp\/v2\/media\/382"}],"wp:attachment":[{"href":"https:\/\/nokesci.com\/fr\/wp-json\/wp\/v2\/media?parent=381"}],"wp:term":[{"taxonomy":"product_type","embeddable":true,"href":"https:\/\/nokesci.com\/fr\/wp-json\/wp\/v2\/product_type?post=381"}],"curies":[{"name":"wp","href":"https:\/\/api.w.org\/{rel}","templated":true}]}}