{"id":383,"date":"2026-02-28T01:13:54","date_gmt":"2026-02-28T01:13:54","guid":{"rendered":"https:\/\/nokesci.com\/product\/9mm-300%c2%b5l-amber-screw-top-fused-insert-vial-copy\/"},"modified":"2026-02-28T03:41:21","modified_gmt":"2026-02-28T03:41:21","slug":"9mm-amber-wine-glass-vial-15ul","status":"publish","type":"product","link":"https:\/\/nokesci.com\/fr\/produit\/9mm-amber-wine-glass-vial-15ul\/","title":{"rendered":"Fiole en verre ambr\u00e9 de 9mm (1.5mL en forme de verre \u00e0 vin), haute r\u00e9cup\u00e9ration, bouchon \u00e0 vis, r\u00e9servoir de 15\u00b5L"},"excerpt":{"rendered":"","protected":false},"featured_media":384,"template":"","product_type":[5,6,180],"class_list":["post-383","product","type-product","status-publish","has-post-thumbnail","hentry","product_type-screw-nd9","product_type-autosampler-vial","product_type-high-recovery"],"_links":{"self":[{"href":"https:\/\/nokesci.com\/fr\/wp-json\/wp\/v2\/product\/383","targetHints":{"allow":["GET"]}}],"collection":[{"href":"https:\/\/nokesci.com\/fr\/wp-json\/wp\/v2\/product"}],"about":[{"href":"https:\/\/nokesci.com\/fr\/wp-json\/wp\/v2\/types\/product"}],"wp:featuredmedia":[{"embeddable":true,"href":"https:\/\/nokesci.com\/fr\/wp-json\/wp\/v2\/media\/384"}],"wp:attachment":[{"href":"https:\/\/nokesci.com\/fr\/wp-json\/wp\/v2\/media?parent=383"}],"wp:term":[{"taxonomy":"product_type","embeddable":true,"href":"https:\/\/nokesci.com\/fr\/wp-json\/wp\/v2\/product_type?post=383"}],"curies":[{"name":"wp","href":"https:\/\/api.w.org\/{rel}","templated":true}]}}