{"id":385,"date":"2026-02-28T03:04:06","date_gmt":"2026-02-28T03:04:06","guid":{"rendered":"https:\/\/nokesci.com\/product\/9mm-1-5ml-champange-shape-base-amber-glass-high-recovery-screw-top-vial-with-15%c2%b5l-reservoir-copy\/"},"modified":"2026-02-28T03:41:06","modified_gmt":"2026-02-28T03:41:06","slug":"9mm-verre-a-vin-transparent-flacon-15ul","status":"publish","type":"product","link":"https:\/\/nokesci.com\/fr\/produit\/9mm-verre-a-vin-transparent-flacon-15ul\/","title":{"rendered":"Fiole en verre clair de 9mm (1.5mL), haute r\u00e9cup\u00e9ration, bouchon \u00e0 vis, r\u00e9servoir de 15\u00b5L"},"excerpt":{"rendered":"","protected":false},"featured_media":386,"template":"","product_type":[5,6,180],"class_list":["post-385","product","type-product","status-publish","has-post-thumbnail","hentry","product_type-screw-nd9","product_type-autosampler-vial","product_type-high-recovery"],"_links":{"self":[{"href":"https:\/\/nokesci.com\/fr\/wp-json\/wp\/v2\/product\/385","targetHints":{"allow":["GET"]}}],"collection":[{"href":"https:\/\/nokesci.com\/fr\/wp-json\/wp\/v2\/product"}],"about":[{"href":"https:\/\/nokesci.com\/fr\/wp-json\/wp\/v2\/types\/product"}],"wp:featuredmedia":[{"embeddable":true,"href":"https:\/\/nokesci.com\/fr\/wp-json\/wp\/v2\/media\/386"}],"wp:attachment":[{"href":"https:\/\/nokesci.com\/fr\/wp-json\/wp\/v2\/media?parent=385"}],"wp:term":[{"taxonomy":"product_type","embeddable":true,"href":"https:\/\/nokesci.com\/fr\/wp-json\/wp\/v2\/product_type?post=385"}],"curies":[{"name":"wp","href":"https:\/\/api.w.org\/{rel}","templated":true}]}}