{"id":387,"date":"2026-02-28T03:12:18","date_gmt":"2026-02-28T03:12:18","guid":{"rendered":"https:\/\/nokesci.com\/product\/9mm-1-5ml-wine-glass-shape-clear-glass-vial-high-recovery-screw-top-15%c2%b5l-reservoir-copy\/"},"modified":"2026-02-28T03:40:46","modified_gmt":"2026-02-28T03:40:46","slug":"flacon-en-verre-transparent-9mm-30ul","status":"publish","type":"product","link":"https:\/\/nokesci.com\/fr\/produit\/flacon-en-verre-transparent-9mm-30ul\/","title":{"rendered":"Fiole en verre transparent de 9mm (1.3mL), haute r\u00e9cup\u00e9ration, bouchon \u00e0 vis, r\u00e9servoir de 30\u00b5L"},"excerpt":{"rendered":"","protected":false},"featured_media":388,"template":"","product_type":[5,6,180],"class_list":["post-387","product","type-product","status-publish","has-post-thumbnail","hentry","product_type-screw-nd9","product_type-autosampler-vial","product_type-high-recovery"],"_links":{"self":[{"href":"https:\/\/nokesci.com\/fr\/wp-json\/wp\/v2\/product\/387","targetHints":{"allow":["GET"]}}],"collection":[{"href":"https:\/\/nokesci.com\/fr\/wp-json\/wp\/v2\/product"}],"about":[{"href":"https:\/\/nokesci.com\/fr\/wp-json\/wp\/v2\/types\/product"}],"wp:featuredmedia":[{"embeddable":true,"href":"https:\/\/nokesci.com\/fr\/wp-json\/wp\/v2\/media\/388"}],"wp:attachment":[{"href":"https:\/\/nokesci.com\/fr\/wp-json\/wp\/v2\/media?parent=387"}],"wp:term":[{"taxonomy":"product_type","embeddable":true,"href":"https:\/\/nokesci.com\/fr\/wp-json\/wp\/v2\/product_type?post=387"}],"curies":[{"name":"wp","href":"https:\/\/api.w.org\/{rel}","templated":true}]}}