{"id":393,"date":"2026-02-28T03:21:23","date_gmt":"2026-02-28T03:21:23","guid":{"rendered":"https:\/\/nokesci.com\/product\/9mm-1-3ml-clear-glass-vial-high-recovery-screw-top-30%c2%b5l-reservoir-copy\/"},"modified":"2026-02-28T03:52:33","modified_gmt":"2026-02-28T03:52:33","slug":"flacon-en-verre-transparent-9mm-25ul","status":"publish","type":"product","link":"https:\/\/nokesci.com\/fr\/produit\/flacon-en-verre-transparent-9mm-25ul\/","title":{"rendered":"Fiole en verre transparent de 9mm (1.1mL), haute r\u00e9cup\u00e9ration, bouchon \u00e0 vis, r\u00e9servoir de 25\u00b5L"},"excerpt":{"rendered":"","protected":false},"featured_media":395,"template":"","product_type":[5,6,180],"class_list":["post-393","product","type-product","status-publish","has-post-thumbnail","hentry","product_type-screw-nd9","product_type-autosampler-vial","product_type-high-recovery"],"_links":{"self":[{"href":"https:\/\/nokesci.com\/fr\/wp-json\/wp\/v2\/product\/393","targetHints":{"allow":["GET"]}}],"collection":[{"href":"https:\/\/nokesci.com\/fr\/wp-json\/wp\/v2\/product"}],"about":[{"href":"https:\/\/nokesci.com\/fr\/wp-json\/wp\/v2\/types\/product"}],"wp:featuredmedia":[{"embeddable":true,"href":"https:\/\/nokesci.com\/fr\/wp-json\/wp\/v2\/media\/395"}],"wp:attachment":[{"href":"https:\/\/nokesci.com\/fr\/wp-json\/wp\/v2\/media?parent=393"}],"wp:term":[{"taxonomy":"product_type","embeddable":true,"href":"https:\/\/nokesci.com\/fr\/wp-json\/wp\/v2\/product_type?post=393"}],"curies":[{"name":"wp","href":"https:\/\/api.w.org\/{rel}","templated":true}]}}