{"id":419,"date":"2026-02-28T08:39:30","date_gmt":"2026-02-28T08:39:30","guid":{"rendered":"https:\/\/nokesci.com\/product\/2ml-10-425-amber-screw-autosampler-vials-nd10-type-1-borosilicate-glass-copy\/"},"modified":"2026-03-02T09:05:27","modified_gmt":"2026-03-02T09:05:27","slug":"2ml-flacon-a-vis-transparent-nd10-type1-verre-boro","status":"publish","type":"product","link":"https:\/\/nokesci.com\/fr\/produit\/2ml-flacon-a-vis-transparent-nd10-type1-verre-boro\/","title":{"rendered":"2ml 10-425 Flacons pour \u00e9chantillonneur automatique \u00e0 vis transparent ND10, verre borosilicat\u00e9 de type 1"},"excerpt":{"rendered":"","protected":false},"featured_media":417,"template":"","product_type":[8,6],"class_list":["post-419","product","type-product","status-publish","has-post-thumbnail","hentry","product_type-screw-nd10","product_type-autosampler-vial"],"_links":{"self":[{"href":"https:\/\/nokesci.com\/fr\/wp-json\/wp\/v2\/product\/419","targetHints":{"allow":["GET"]}}],"collection":[{"href":"https:\/\/nokesci.com\/fr\/wp-json\/wp\/v2\/product"}],"about":[{"href":"https:\/\/nokesci.com\/fr\/wp-json\/wp\/v2\/types\/product"}],"wp:featuredmedia":[{"embeddable":true,"href":"https:\/\/nokesci.com\/fr\/wp-json\/wp\/v2\/media\/417"}],"wp:attachment":[{"href":"https:\/\/nokesci.com\/fr\/wp-json\/wp\/v2\/media?parent=419"}],"wp:term":[{"taxonomy":"product_type","embeddable":true,"href":"https:\/\/nokesci.com\/fr\/wp-json\/wp\/v2\/product_type?post=419"}],"curies":[{"name":"wp","href":"https:\/\/api.w.org\/{rel}","templated":true}]}}