{"id":489,"date":"2026-03-05T01:32:52","date_gmt":"2026-03-05T01:32:52","guid":{"rendered":"https:\/\/nokesci.com\/product\/18mm-silver-magnetic-screw-cap-blue-ptfe-white-silicone-1-5-mm-thick-copy\/"},"modified":"2026-03-05T01:37:55","modified_gmt":"2026-03-05T01:37:55","slug":"bouchon-a-vis-ferme-magnetique-18mm-bleu-ptfe-silicone","status":"publish","type":"product","link":"https:\/\/nokesci.com\/fr\/produit\/bouchon-a-vis-ferme-magnetique-18mm-bleu-ptfe-silicone\/","title":{"rendered":"Bouchon \u00e0 vis magn\u00e9tique argent\u00e9 18mm, PTFE bleu\/silicone blanc, Close top"},"excerpt":{"rendered":"","protected":false},"featured_media":490,"template":"","product_type":[148,4],"class_list":["post-489","product","type-product","status-publish","has-post-thumbnail","hentry","product_type-gc-headspace-vials","product_type-screw-nd18"],"_links":{"self":[{"href":"https:\/\/nokesci.com\/fr\/wp-json\/wp\/v2\/product\/489","targetHints":{"allow":["GET"]}}],"collection":[{"href":"https:\/\/nokesci.com\/fr\/wp-json\/wp\/v2\/product"}],"about":[{"href":"https:\/\/nokesci.com\/fr\/wp-json\/wp\/v2\/types\/product"}],"wp:featuredmedia":[{"embeddable":true,"href":"https:\/\/nokesci.com\/fr\/wp-json\/wp\/v2\/media\/490"}],"wp:attachment":[{"href":"https:\/\/nokesci.com\/fr\/wp-json\/wp\/v2\/media?parent=489"}],"wp:term":[{"taxonomy":"product_type","embeddable":true,"href":"https:\/\/nokesci.com\/fr\/wp-json\/wp\/v2\/product_type?post=489"}],"curies":[{"name":"wp","href":"https:\/\/api.w.org\/{rel}","templated":true}]}}