{"id":493,"date":"2026-03-05T02:53:54","date_gmt":"2026-03-05T02:53:54","guid":{"rendered":"https:\/\/nokesci.com\/product\/10-ml-clear-headspace-vial-18-mm-screw-thread-round-bottom-copy\/"},"modified":"2026-03-05T03:10:31","modified_gmt":"2026-03-05T03:10:31","slug":"10ml-18mm-clair-espace-de-tete-flacon-a-vis-verre-boro","status":"publish","type":"product","link":"https:\/\/nokesci.com\/fr\/produit\/10ml-18mm-clair-espace-de-tete-flacon-a-vis-verre-boro\/","title":{"rendered":"10 mL Fiole \u00e0 espace de t\u00eate transparent, vis de pr\u00e9cision 18 mm, fond rond, verre borosilicat\u00e9 de type 1"},"excerpt":{"rendered":"","protected":false},"featured_media":492,"template":"","product_type":[148,4],"class_list":["post-493","product","type-product","status-publish","has-post-thumbnail","hentry","product_type-gc-headspace-vials","product_type-screw-nd18"],"_links":{"self":[{"href":"https:\/\/nokesci.com\/fr\/wp-json\/wp\/v2\/product\/493","targetHints":{"allow":["GET"]}}],"collection":[{"href":"https:\/\/nokesci.com\/fr\/wp-json\/wp\/v2\/product"}],"about":[{"href":"https:\/\/nokesci.com\/fr\/wp-json\/wp\/v2\/types\/product"}],"wp:featuredmedia":[{"embeddable":true,"href":"https:\/\/nokesci.com\/fr\/wp-json\/wp\/v2\/media\/492"}],"wp:attachment":[{"href":"https:\/\/nokesci.com\/fr\/wp-json\/wp\/v2\/media?parent=493"}],"wp:term":[{"taxonomy":"product_type","embeddable":true,"href":"https:\/\/nokesci.com\/fr\/wp-json\/wp\/v2\/product_type?post=493"}],"curies":[{"name":"wp","href":"https:\/\/api.w.org\/{rel}","templated":true}]}}