{"id":496,"date":"2026-03-05T03:23:13","date_gmt":"2026-03-05T03:23:13","guid":{"rendered":"https:\/\/nokesci.com\/product\/10-ml-amber-headspace-vial-18-mm-screw-thread-round-bottom-copy\/"},"modified":"2026-03-05T03:35:55","modified_gmt":"2026-03-05T03:35:55","slug":"10ml-flacon-ambre-gc-18mm-fond-rond-a-vis","status":"publish","type":"product","link":"https:\/\/nokesci.com\/fr\/produit\/10ml-flacon-ambre-gc-18mm-fond-rond-a-vis\/","title":{"rendered":"10 mL Flacon ambr\u00e9 pour espace de t\u00eate, filetage 18 mm, fond rond, verre borosilicat\u00e9 de type 1"},"excerpt":{"rendered":"","protected":false},"featured_media":495,"template":"","product_type":[148,4],"class_list":["post-496","product","type-product","status-publish","has-post-thumbnail","hentry","product_type-gc-headspace-vials","product_type-screw-nd18"],"_links":{"self":[{"href":"https:\/\/nokesci.com\/fr\/wp-json\/wp\/v2\/product\/496","targetHints":{"allow":["GET"]}}],"collection":[{"href":"https:\/\/nokesci.com\/fr\/wp-json\/wp\/v2\/product"}],"about":[{"href":"https:\/\/nokesci.com\/fr\/wp-json\/wp\/v2\/types\/product"}],"wp:featuredmedia":[{"embeddable":true,"href":"https:\/\/nokesci.com\/fr\/wp-json\/wp\/v2\/media\/495"}],"wp:attachment":[{"href":"https:\/\/nokesci.com\/fr\/wp-json\/wp\/v2\/media?parent=496"}],"wp:term":[{"taxonomy":"product_type","embeddable":true,"href":"https:\/\/nokesci.com\/fr\/wp-json\/wp\/v2\/product_type?post=496"}],"curies":[{"name":"wp","href":"https:\/\/api.w.org\/{rel}","templated":true}]}}