{"id":499,"date":"2026-03-05T03:28:59","date_gmt":"2026-03-05T03:28:59","guid":{"rendered":"https:\/\/nokesci.com\/product\/20-ml-clear-headspace-vial-18-mm-screw-thread-round-bottom-copy\/"},"modified":"2026-03-05T03:35:15","modified_gmt":"2026-03-05T03:35:15","slug":"20ml-flacon-gc-clair-18mm-fond-rond-a-vis","status":"publish","type":"product","link":"https:\/\/nokesci.com\/fr\/produit\/20ml-flacon-gc-clair-18mm-fond-rond-a-vis\/","title":{"rendered":"Flacon \u00e0 espace de t\u00eate transparent de 20 mL, filetage de 18 mm, fond rond, verre borosilicat\u00e9 de type 1"},"excerpt":{"rendered":"","protected":false},"featured_media":498,"template":"","product_type":[148,4],"class_list":["post-499","product","type-product","status-publish","has-post-thumbnail","hentry","product_type-gc-headspace-vials","product_type-screw-nd18"],"_links":{"self":[{"href":"https:\/\/nokesci.com\/fr\/wp-json\/wp\/v2\/product\/499","targetHints":{"allow":["GET"]}}],"collection":[{"href":"https:\/\/nokesci.com\/fr\/wp-json\/wp\/v2\/product"}],"about":[{"href":"https:\/\/nokesci.com\/fr\/wp-json\/wp\/v2\/types\/product"}],"wp:featuredmedia":[{"embeddable":true,"href":"https:\/\/nokesci.com\/fr\/wp-json\/wp\/v2\/media\/498"}],"wp:attachment":[{"href":"https:\/\/nokesci.com\/fr\/wp-json\/wp\/v2\/media?parent=499"}],"wp:term":[{"taxonomy":"product_type","embeddable":true,"href":"https:\/\/nokesci.com\/fr\/wp-json\/wp\/v2\/product_type?post=499"}],"curies":[{"name":"wp","href":"https:\/\/api.w.org\/{rel}","templated":true}]}}