{"id":500,"date":"2026-03-05T03:30:40","date_gmt":"2026-03-05T03:30:40","guid":{"rendered":"https:\/\/nokesci.com\/product\/10-ml-amber-headspace-vial-18-mm-screw-thread-round-bottom-type-1-borosilicate-glass-copy\/"},"modified":"2026-03-05T03:33:08","modified_gmt":"2026-03-05T03:33:08","slug":"20ml-flacon-ambre-a-espace-de-tete-18mm-fond-rond-visse","status":"publish","type":"product","link":"https:\/\/nokesci.com\/fr\/produit\/20ml-flacon-ambre-a-espace-de-tete-18mm-fond-rond-visse\/","title":{"rendered":"Fiole \u00e0 espace de t\u00eate ambr\u00e9e 20 mL, filetage 18 mm, fond rond, verre borosilicat\u00e9 de type 1"},"excerpt":{"rendered":"","protected":false},"featured_media":501,"template":"","product_type":[148,4],"class_list":["post-500","product","type-product","status-publish","has-post-thumbnail","hentry","product_type-gc-headspace-vials","product_type-screw-nd18"],"_links":{"self":[{"href":"https:\/\/nokesci.com\/fr\/wp-json\/wp\/v2\/product\/500","targetHints":{"allow":["GET"]}}],"collection":[{"href":"https:\/\/nokesci.com\/fr\/wp-json\/wp\/v2\/product"}],"about":[{"href":"https:\/\/nokesci.com\/fr\/wp-json\/wp\/v2\/types\/product"}],"wp:featuredmedia":[{"embeddable":true,"href":"https:\/\/nokesci.com\/fr\/wp-json\/wp\/v2\/media\/501"}],"wp:attachment":[{"href":"https:\/\/nokesci.com\/fr\/wp-json\/wp\/v2\/media?parent=500"}],"wp:term":[{"taxonomy":"product_type","embeddable":true,"href":"https:\/\/nokesci.com\/fr\/wp-json\/wp\/v2\/product_type?post=500"}],"curies":[{"name":"wp","href":"https:\/\/api.w.org\/{rel}","templated":true}]}}