{"id":517,"date":"2026-03-11T10:12:34","date_gmt":"2026-03-11T10:12:34","guid":{"rendered":"https:\/\/nokesci.com\/product\/20mm-bi-metal-blue-magnetic-crimp-top-cap-w-white-ptfe-blue-silicone-septa-8-mm-hole-copy\/"},"modified":"2026-03-11T10:24:27","modified_gmt":"2026-03-11T10:24:27","slug":"capuchon-en-aluminium-magnetique-rouge-bi-metal-20mm","status":"publish","type":"product","link":"https:\/\/nokesci.com\/fr\/produit\/capuchon-en-aluminium-magnetique-rouge-bi-metal-20mm\/","title":{"rendered":"Bouchon magn\u00e9tique \u00e0 sertir rouge bim\u00e9tallique de 20 mm avec septa en PTFE naturel\/silicone blanc, trou de 8 mm"},"excerpt":{"rendered":"","protected":false},"featured_media":518,"template":"","product_type":[148,9],"class_list":["post-517","product","type-product","status-publish","has-post-thumbnail","hentry","product_type-gc-headspace-vials","product_type-crimp-nd20"],"_links":{"self":[{"href":"https:\/\/nokesci.com\/fr\/wp-json\/wp\/v2\/product\/517","targetHints":{"allow":["GET"]}}],"collection":[{"href":"https:\/\/nokesci.com\/fr\/wp-json\/wp\/v2\/product"}],"about":[{"href":"https:\/\/nokesci.com\/fr\/wp-json\/wp\/v2\/types\/product"}],"wp:featuredmedia":[{"embeddable":true,"href":"https:\/\/nokesci.com\/fr\/wp-json\/wp\/v2\/media\/518"}],"wp:attachment":[{"href":"https:\/\/nokesci.com\/fr\/wp-json\/wp\/v2\/media?parent=517"}],"wp:term":[{"taxonomy":"product_type","embeddable":true,"href":"https:\/\/nokesci.com\/fr\/wp-json\/wp\/v2\/product_type?post=517"}],"curies":[{"name":"wp","href":"https:\/\/api.w.org\/{rel}","templated":true}]}}