{"id":523,"date":"2026-03-12T07:56:15","date_gmt":"2026-03-12T07:56:15","guid":{"rendered":"https:\/\/nokesci.com\/product\/20mm-bimetal-blue-magnetic-crimp-cap-ultraclean-transparent-ptfe-transparent-blue-silicone-septa-3-mm-thick-copy\/"},"modified":"2026-03-16T10:43:45","modified_gmt":"2026-03-16T10:43:45","slug":"joints-detancheite-en-aluminium-de-20-mm-a-relachement-de-pression-septa","status":"publish","type":"product","link":"https:\/\/nokesci.com\/fr\/produit\/joints-detancheite-en-aluminium-de-20-mm-a-relachement-de-pression-septa\/","title":{"rendered":"Bouchon \u00e0 sertir en aluminium \u00e0 lib\u00e9ration de pression de 20 mm avec septa en PTFE beige\/silicone blanc"},"excerpt":{"rendered":"","protected":false},"featured_media":524,"template":"","product_type":[148,9],"class_list":["post-523","product","type-product","status-publish","has-post-thumbnail","hentry","product_type-gc-headspace-vials","product_type-crimp-nd20"],"_links":{"self":[{"href":"https:\/\/nokesci.com\/fr\/wp-json\/wp\/v2\/product\/523","targetHints":{"allow":["GET"]}}],"collection":[{"href":"https:\/\/nokesci.com\/fr\/wp-json\/wp\/v2\/product"}],"about":[{"href":"https:\/\/nokesci.com\/fr\/wp-json\/wp\/v2\/types\/product"}],"wp:featuredmedia":[{"embeddable":true,"href":"https:\/\/nokesci.com\/fr\/wp-json\/wp\/v2\/media\/524"}],"wp:attachment":[{"href":"https:\/\/nokesci.com\/fr\/wp-json\/wp\/v2\/media?parent=523"}],"wp:term":[{"taxonomy":"product_type","embeddable":true,"href":"https:\/\/nokesci.com\/fr\/wp-json\/wp\/v2\/product_type?post=523"}],"curies":[{"name":"wp","href":"https:\/\/api.w.org\/{rel}","templated":true}]}}